{"id":1621,"date":"2021-06-23T01:54:19","date_gmt":"2021-06-22T21:54:19","guid":{"rendered":"https:\/\/boberos.com\/?page_id=1621"},"modified":"2024-09-09T21:46:44","modified_gmt":"2024-09-09T17:46:44","slug":"institucion","status":"publish","type":"page","link":"https:\/\/institutoevangelicosantiago.com\/?page_id=1621","title":{"rendered":"Instituci\u00f3n"},"content":{"rendered":"\t\t<div data-elementor-type=\"wp-page\" data-elementor-id=\"1621\" data-post-id=\"1436\" data-obj-id=\"1436\" class=\"elementor elementor-1621 dce-elementor-post-1436\" data-elementor-settings=\"[]\">\n\t\t\t\t\t\t\t<div class=\"elementor-section-wrap\">\n\t\t\t\t\t\t\t<section class=\"elementor-section elementor-top-section elementor-element elementor-element-2f76d38b elementor-section-full_width elementor-section-stretched elementor-section-height-default elementor-section-height-default elementor-invisible\" data-id=\"2f76d38b\" data-element_type=\"section\" data-settings=\"{&quot;stretch_section&quot;:&quot;section-stretched&quot;,&quot;background_background&quot;:&quot;classic&quot;,&quot;animation&quot;:&quot;fadeIn&quot;,&quot;sticky&quot;:&quot;top&quot;,&quot;background_motion_fx_motion_fx_scrolling&quot;:&quot;yes&quot;,&quot;background_motion_fx_translateY_effect&quot;:&quot;yes&quot;,&quot;background_motion_fx_translateY_speed&quot;:{&quot;unit&quot;:&quot;px&quot;,&quot;size&quot;:4,&quot;sizes&quot;:[]},&quot;background_motion_fx_translateY_affectedRange&quot;:{&quot;unit&quot;:&quot;%&quot;,&quot;size&quot;:&quot;&quot;,&quot;sizes&quot;:{&quot;start&quot;:0,&quot;end&quot;:100}},&quot;background_motion_fx_devices&quot;:[&quot;desktop&quot;,&quot;tablet&quot;,&quot;mobile&quot;],&quot;sticky_on&quot;:[&quot;desktop&quot;,&quot;tablet&quot;,&quot;mobile&quot;],&quot;sticky_offset&quot;:0,&quot;sticky_effects_offset&quot;:0}\">\n\t\t\t\t\t\t<div class=\"elementor-container elementor-column-gap-default\">\n\t\t\t\t\t<div class=\"elementor-column elementor-col-50 elementor-top-column elementor-element elementor-element-59b3e616\" data-id=\"59b3e616\" data-element_type=\"column\">\n\t\t\t<div class=\"elementor-widget-wrap elementor-element-populated\">\n\t\t\t\t\t\t\t\t<section class=\"elementor-section elementor-inner-section elementor-element elementor-element-1956cdf3 elementor-section-full_width elementor-section-height-default elementor-section-height-default\" data-id=\"1956cdf3\" data-element_type=\"section\">\n\t\t\t\t\t\t<div class=\"elementor-container elementor-column-gap-no\">\n\t\t\t\t\t<div class=\"elementor-column elementor-col-50 elementor-inner-column elementor-element elementor-element-5761377a\" data-id=\"5761377a\" data-element_type=\"column\">\n\t\t\t<div class=\"elementor-widget-wrap elementor-element-populated\">\n\t\t\t\t\t\t\t\t<div class=\"elementor-element elementor-element-443f922c elementor-nav-menu__align-center elementor-nav-menu--dropdown-mobile elementor-nav-menu--stretch elementor-nav-menu--indicator-classic elementor-nav-menu__text-align-aside elementor-nav-menu--toggle elementor-nav-menu--burger elementor-widget elementor-widget-nav-menu\" data-id=\"443f922c\" data-element_type=\"widget\" data-settings=\"{&quot;full_width&quot;:&quot;stretch&quot;,&quot;layout&quot;:&quot;horizontal&quot;,&quot;toggle&quot;:&quot;burger&quot;}\" data-widget_type=\"nav-menu.default\">\n\t\t\t\t<div class=\"elementor-widget-container\">\n\t\t\t\t\t\t<nav role=\"navigation\" class=\"elementor-nav-menu--main elementor-nav-menu__container elementor-nav-menu--layout-horizontal e--pointer-underline e--animation-fade\"><ul id=\"menu-1-443f922c\" class=\"elementor-nav-menu\"><li class=\"menu-item menu-item-type-post_type menu-item-object-page menu-item-home menu-item-3156\"><a href=\"https:\/\/institutoevangelicosantiago.com\/\" class=\"elementor-item\">Portada<\/a><\/li>\n<li class=\"menu-item menu-item-type-post_type menu-item-object-page menu-item-3141\"><a href=\"https:\/\/institutoevangelicosantiago.com\/?page_id=97\" class=\"elementor-item\">Admisiones<\/a><\/li>\n<li class=\"menu-item menu-item-type-post_type menu-item-object-page menu-item-3143\"><a href=\"https:\/\/institutoevangelicosantiago.com\/?page_id=93\" class=\"elementor-item\">Docentes<\/a><\/li>\n<li class=\"menu-item menu-item-type-post_type menu-item-object-page menu-item-3142\"><a href=\"https:\/\/institutoevangelicosantiago.com\/?page_id=95\" class=\"elementor-item\">Meritorios<\/a><\/li>\n<li class=\"menu-item menu-item-type-post_type menu-item-object-page menu-item-3140\"><a href=\"https:\/\/institutoevangelicosantiago.com\/?page_id=1621\" class=\"elementor-item\">Instituci\u00f3n<\/a><\/li>\n<\/ul><\/nav>\n\t\t\t\t\t<div class=\"elementor-menu-toggle\" role=\"button\" tabindex=\"0\" aria-label=\"Menu Toggle\" aria-expanded=\"false\">\n\t\t\t<i class=\"eicon-menu-bar\" aria-hidden=\"true\"><\/i>\n\t\t\t<span class=\"elementor-screen-only\">Menu<\/span>\n\t\t<\/div>\n\t\t\t<nav class=\"elementor-nav-menu--dropdown elementor-nav-menu__container\" role=\"navigation\" aria-hidden=\"true\"><ul id=\"menu-2-443f922c\" class=\"elementor-nav-menu\"><li class=\"menu-item menu-item-type-post_type menu-item-object-page menu-item-home menu-item-3156\"><a href=\"https:\/\/institutoevangelicosantiago.com\/\" class=\"elementor-item\">Portada<\/a><\/li>\n<li class=\"menu-item menu-item-type-post_type menu-item-object-page menu-item-3141\"><a href=\"https:\/\/institutoevangelicosantiago.com\/?page_id=97\" class=\"elementor-item\">Admisiones<\/a><\/li>\n<li class=\"menu-item menu-item-type-post_type menu-item-object-page menu-item-3143\"><a href=\"https:\/\/institutoevangelicosantiago.com\/?page_id=93\" class=\"elementor-item\">Docentes<\/a><\/li>\n<li class=\"menu-item menu-item-type-post_type menu-item-object-page menu-item-3142\"><a href=\"https:\/\/institutoevangelicosantiago.com\/?page_id=95\" class=\"elementor-item\">Meritorios<\/a><\/li>\n<li class=\"menu-item menu-item-type-post_type menu-item-object-page menu-item-3140\"><a href=\"https:\/\/institutoevangelicosantiago.com\/?page_id=1621\" class=\"elementor-item\">Instituci\u00f3n<\/a><\/li>\n<\/ul><\/nav>\n\t\t\t\t<\/div>\n\t\t\t\t<\/div>\n\t\t\t\t\t<\/div>\n\t\t<\/div>\n\t\t\t\t<div class=\"elementor-column elementor-col-50 elementor-inner-column elementor-element elementor-element-4ac9f254\" data-id=\"4ac9f254\" data-element_type=\"column\">\n\t\t\t<div class=\"elementor-widget-wrap elementor-element-populated\">\n\t\t\t\t\t\t\t\t<div class=\"elementor-element elementor-element-4d719174 elementor-align-center elementor-mobile-align-center elementor-widget elementor-widget-popup\" data-id=\"4d719174\" data-element_type=\"widget\" data-widget_type=\"popup.default\">\n\t\t\t\t<div class=\"elementor-widget-container\">\n\t\t\t\t\t\t<!-- PopBox:popboxRender -->\r\n\t\t\t<!-- PopBox trigger button -->\r\n\t\t\t<div class=\"elementor-button-wrapper\">\r\n\t\t\t\t<a class=\"elementor-button elementor-size-md modal-popup\" data-target=\"#popup-1436\" onclick=\"ga('send', 'event', 'modal-popup-1436', 'Click', 'PopBox Button Clicked');\" >\r\n\t\t\t\t\t<span class=\"elementor-button-content-wrapper\">\r\n\t\t\t\t\t\t\t\t\t\t\t\t\t<span class=\"elementor-align-icon-left elementor-button-icon\">\r\n\t\t\t\t\t\t\t\t<i class=\"fa fa-laptop\"><\/i>\r\n\t\t\t\t\t\t\t<\/span>\r\n\t\t\t\t\t\t\t\t\t\t\t\t<span class=\"elementor-button-text\">Ir al Aula<\/span>\r\n\t\t\t\t\t<\/span>\r\n\t\t\t\t<\/a>\r\n\t\t\t<\/div>\r\n\t\t\t<!-- \/PopBox trigger button -->\r\n\t\t\t<!-- PopBox -->\r\n\t\t\t<div class=\"modal fade\" id=\"popup-1436\" tabindex=\"-1\" role=\"dialog\" aria-labelledby=\"popup-1436-label\">\t\t\t\r\n\t\t\t\t<div class=\"modal-content\">\r\n                    <button type=\"button\" class=\"close\" data-dismiss=\"modal\" aria-label=\"Close\">\r\n\t\t\t\t\t<span aria-hidden=\"true\">\r\n\t\t\t\t\t\tX <i class=\"fa fa-close\"><\/i><\/span>\r\n\t\t\t\t\t<\/button>\r\n\t\t\t\t\t<div class=\"modal-body\">\r\n\t\t\t\t\t\t<style>.elementor-1436 .elementor-element.elementor-element-5570f68e{padding:0em 0em 0em 0em;}.elementor-1436 .elementor-element.elementor-element-2fd0bf30 > .elementor-element-populated{padding:3em 3em 3em 3em;}.elementor-1436 .elementor-element.elementor-element-47f6277 img{width:50%;border-radius:30px 30px 30px 30px;}.elementor-1436 .elementor-element.elementor-element-22f672c1{text-align:center;}.elementor-1436 .elementor-element.elementor-element-22f672c1 .elementor-heading-title{color:#3B92F6;font-family:\"Archivo\", Sans-serif;font-size:2.4rem;line-height:1em;}.elementor-1436 .elementor-element.elementor-element-22f672c1 > .elementor-widget-container{margin:-7px 0px 26px 0px;}.elementor-1436 .elementor-element.elementor-element-6f4b705 > .elementor-widget-container{margin:-23px 0px 0px 0px;padding:0px 0px 0px 0px;}@media(max-width:1024px){.elementor-1436 .elementor-element.elementor-element-22f672c1{text-align:center;}}@media(max-width:767px){.elementor-1436 .elementor-element.elementor-element-22f672c1 .elementor-heading-title{font-size:40px;line-height:50px;}}\/* Start custom CSS for html, class: .elementor-element-6f4b705 *\/.boton {\n    background-color: #38B6FF; \/* blue *\/\n  border: none;\n  color: white;\n  padding: 15px 32px;\n  text-align: center;\n  text-decoration: none;\n  display: inline-block;\n  font-size: 20px;\n  transition-duration: 0.4s;\n  border-radius: 35px;\n\n}\n.boton:hover {\n  background-color: white;\n  color: #38B6FF;\n  border: 2px solid #38B6FF; \/* Green *\/\n}\/* End custom CSS *\/<\/style>\t\t<div data-elementor-type=\"wp-post\" data-elementor-id=\"1436\" data-post-id=\"1436\" data-obj-id=\"1436\" class=\"elementor elementor-1436 dce-elementor-post-1436\" data-elementor-settings=\"[]\">\n\t\t\t\t\t\t\t<div class=\"elementor-section-wrap\">\n\t\t\t\t\t\t\t<section class=\"elementor-section elementor-top-section elementor-element elementor-element-5570f68e elementor-section-boxed elementor-section-height-default elementor-section-height-default\" data-id=\"5570f68e\" data-element_type=\"section\">\n\t\t\t\t\t\t<div class=\"elementor-container elementor-column-gap-default\">\n\t\t\t\t\t<div class=\"elementor-column elementor-col-100 elementor-top-column elementor-element elementor-element-2fd0bf30\" data-id=\"2fd0bf30\" data-element_type=\"column\">\n\t\t\t<div class=\"elementor-widget-wrap elementor-element-populated\">\n\t\t\t\t\t\t\t\t<div class=\"elementor-element elementor-element-47f6277 dce_masking-none elementor-widget elementor-widget-image\" data-id=\"47f6277\" data-element_type=\"widget\" data-widget_type=\"image.default\">\n\t\t\t\t<div class=\"elementor-widget-container\">\n\t\t\t\t\t\t\t\t\t\t\t\t\t\t\t<img width=\"703\" height=\"1024\" src=\"https:\/\/institutoevangelicosantiago.com\/wp-content\/uploads\/2024\/09\/logo-institito-703x1024.png\" class=\"attachment-large size-large\" alt=\"\" decoding=\"async\" loading=\"lazy\" srcset=\"https:\/\/institutoevangelicosantiago.com\/wp-content\/uploads\/2024\/09\/logo-institito-703x1024.png 703w, https:\/\/institutoevangelicosantiago.com\/wp-content\/uploads\/2024\/09\/logo-institito-206x300.png 206w, https:\/\/institutoevangelicosantiago.com\/wp-content\/uploads\/2024\/09\/logo-institito-768x1119.png 768w, https:\/\/institutoevangelicosantiago.com\/wp-content\/uploads\/2024\/09\/logo-institito-69x100.png 69w, https:\/\/institutoevangelicosantiago.com\/wp-content\/uploads\/2024\/09\/logo-institito-1054x1536.png 1054w, https:\/\/institutoevangelicosantiago.com\/wp-content\/uploads\/2024\/09\/logo-institito.png 1098w\" sizes=\"(max-width: 703px) 100vw, 703px\" \/>\t\t\t\t\t\t\t\t\t\t\t\t\t\t\t<\/div>\n\t\t\t\t<\/div>\n\t\t\t\t<div class=\"elementor-element elementor-element-22f672c1 elementor-widget elementor-widget-heading\" data-id=\"22f672c1\" data-element_type=\"widget\" data-widget_type=\"heading.default\">\n\t\t\t\t<div class=\"elementor-widget-container\">\n\t\t\t<h2 class=\"elementor-heading-title elementor-size-default\">Inicio de sesi\u00f3n<\/h2>\t\t<\/div>\n\t\t\t\t<\/div>\n\t\t\t\t<div class=\"elementor-element elementor-element-6f4b705 elementor-widget elementor-widget-html\" data-id=\"6f4b705\" data-element_type=\"widget\" data-widget_type=\"html.default\">\n\t\t\t\t<div class=\"elementor-widget-container\">\n\t\t\t<form id=\"login\" method=\"post\" action=\"https:\/\/aula.institutoevangelicosantiago.com\/login\/index.php\">\r\n\r\n\r\n<input id=\"username\" class=\"input\" type=\"text\" value=\"\" name=\"username\"\/>\r\n<input id=\"password\" class=\"input\" type=\"password\" value=\"\" name=\"password\"\/>\r\n<button class=\"btn waves-effect waves-light btn-h amber\" type=\"submit\" name=\"action\">Acceder\r\n\r\n<\/form>\r\n\r\n\t\t<\/div>\n\t\t\t\t<\/div>\n\t\t\t\t\t<\/div>\n\t\t<\/div>\n\t\t\t\t\t\t\t<\/div>\n\t\t<\/section>\n\t\t\t\t\t\t<\/div>\n\t\t\t\t\t<\/div>\n\t\t\t\t\t\t\t<\/div>\r\n\t\t\t\t<\/div>\r\n\t\t\t<\/div>\r\n\t\t\t\t\t<\/div>\n\t\t\t\t<\/div>\n\t\t\t\t\t<\/div>\n\t\t<\/div>\n\t\t\t\t\t\t\t<\/div>\n\t\t<\/section>\n\t\t\t\t\t<\/div>\n\t\t<\/div>\n\t\t\t\t<div class=\"elementor-column elementor-col-50 elementor-top-column elementor-element elementor-element-139eaa60\" data-id=\"139eaa60\" data-element_type=\"column\">\n\t\t\t<div class=\"elementor-widget-wrap elementor-element-populated\">\n\t\t\t\t\t\t\t\t<div class=\"elementor-element elementor-element-5d0f7281 elementor-shape-circle elementor-hidden-phone elementor-grid-0 e-grid-align-center elementor-widget elementor-widget-social-icons\" data-id=\"5d0f7281\" data-element_type=\"widget\" data-widget_type=\"social-icons.default\">\n\t\t\t\t<div class=\"elementor-widget-container\">\n\t\t\t\t\t<div class=\"elementor-social-icons-wrapper elementor-grid\">\n\t\t\t\t\t\t\t<div class=\"elementor-grid-item\">\n\t\t\t\t\t<a class=\"elementor-icon elementor-social-icon elementor-social-icon-facebook elementor-animation-push elementor-repeater-item-b036ead\" target=\"_blank\">\n\t\t\t\t\t\t<span class=\"elementor-screen-only\">Facebook<\/span>\n\t\t\t\t\t\t<i class=\"fab fa-facebook\"><\/i>\t\t\t\t\t<\/a>\n\t\t\t\t<\/div>\n\t\t\t\t\t\t\t<div class=\"elementor-grid-item\">\n\t\t\t\t\t<a class=\"elementor-icon elementor-social-icon elementor-social-icon-twitter elementor-animation-push elementor-repeater-item-099e78e\" target=\"_blank\">\n\t\t\t\t\t\t<span class=\"elementor-screen-only\">Twitter<\/span>\n\t\t\t\t\t\t<i class=\"fab fa-twitter\"><\/i>\t\t\t\t\t<\/a>\n\t\t\t\t<\/div>\n\t\t\t\t\t\t\t<div class=\"elementor-grid-item\">\n\t\t\t\t\t<a class=\"elementor-icon elementor-social-icon elementor-social-icon-youtube elementor-animation-push elementor-repeater-item-8f3dfe6\" target=\"_blank\">\n\t\t\t\t\t\t<span class=\"elementor-screen-only\">Youtube<\/span>\n\t\t\t\t\t\t<i class=\"fab fa-youtube\"><\/i>\t\t\t\t\t<\/a>\n\t\t\t\t<\/div>\n\t\t\t\t\t\t\t<div class=\"elementor-grid-item\">\n\t\t\t\t\t<a class=\"elementor-icon elementor-social-icon elementor-social-icon-instagram elementor-animation-push elementor-repeater-item-46f3051\" target=\"_blank\">\n\t\t\t\t\t\t<span class=\"elementor-screen-only\">Instagram<\/span>\n\t\t\t\t\t\t<i class=\"fab fa-instagram\"><\/i>\t\t\t\t\t<\/a>\n\t\t\t\t<\/div>\n\t\t\t\t\t<\/div>\n\t\t\t\t<\/div>\n\t\t\t\t<\/div>\n\t\t\t\t\t<\/div>\n\t\t<\/div>\n\t\t\t\t\t\t\t<\/div>\n\t\t<\/section>\n\t\t\t\t<section class=\"elementor-section elementor-top-section elementor-element elementor-element-3906f496 elementor-section-full_width elementor-section-height-min-height elementor-section-items-top elementor-section-stretched animated-slow elementor-section-height-default elementor-invisible\" data-id=\"3906f496\" data-element_type=\"section\" data-settings=\"{&quot;stretch_section&quot;:&quot;section-stretched&quot;,&quot;background_background&quot;:&quot;slideshow&quot;,&quot;background_slideshow_gallery&quot;:[{&quot;id&quot;:425,&quot;url&quot;:&quot;https:\\\/\\\/boberos.com\\\/wp-content\\\/uploads\\\/2021\\\/06\\\/diapositiva-5.png&quot;},{&quot;id&quot;:424,&quot;url&quot;:&quot;https:\\\/\\\/boberos.com\\\/wp-content\\\/uploads\\\/2021\\\/06\\\/diapositiva-4-1.png&quot;},{&quot;id&quot;:426,&quot;url&quot;:&quot;https:\\\/\\\/boberos.com\\\/wp-content\\\/uploads\\\/2021\\\/06\\\/diapositiva-6-1.png&quot;}],&quot;animation&quot;:&quot;fadeIn&quot;,&quot;background_slideshow_loop&quot;:&quot;yes&quot;,&quot;background_slideshow_slide_duration&quot;:5000,&quot;background_slideshow_slide_transition&quot;:&quot;fade&quot;,&quot;background_slideshow_transition_duration&quot;:500}\">\n\t\t\t\t\t\t\t<div class=\"elementor-background-overlay\"><\/div>\n\t\t\t\t\t\t\t<div class=\"elementor-container elementor-column-gap-no\">\n\t\t\t\t\t<div class=\"elementor-column elementor-col-100 elementor-top-column elementor-element elementor-element-3ff73bf9\" data-id=\"3ff73bf9\" data-element_type=\"column\">\n\t\t\t<div class=\"elementor-widget-wrap elementor-element-populated\">\n\t\t\t\t\t\t\t\t<header class=\"elementor-section elementor-inner-section elementor-element elementor-element-35c315f2 elementor-section-full_width elementor-section-content-top elementor-section-height-default elementor-section-height-default\" data-id=\"35c315f2\" data-element_type=\"section\" data-settings=\"{&quot;animation&quot;:&quot;none&quot;}\">\n\t\t\t\t\t\t\t<div class=\"elementor-background-overlay\"><\/div>\n\t\t\t\t\t\t\t<div class=\"elementor-container elementor-column-gap-default\">\n\t\t\t\t\t<div class=\"elementor-column elementor-col-50 elementor-inner-column elementor-element elementor-element-1350b726\" data-id=\"1350b726\" data-element_type=\"column\">\n\t\t\t<div class=\"elementor-widget-wrap elementor-element-populated\">\n\t\t\t\t\t\t\t\t<div class=\"elementor-element elementor-element-df1fb87 animated-slow dce_masking-none elementor-invisible elementor-widget elementor-widget-image\" data-id=\"df1fb87\" data-element_type=\"widget\" data-settings=\"{&quot;_animation&quot;:&quot;fadeInDown&quot;,&quot;_animation_mobile&quot;:&quot;fadeInDown&quot;}\" data-widget_type=\"image.default\">\n\t\t\t\t<div class=\"elementor-widget-container\">\n\t\t\t\t\t\t\t\t\t\t\t\t\t\t\t<img width=\"703\" height=\"1024\" src=\"https:\/\/institutoevangelicosantiago.com\/wp-content\/uploads\/2024\/09\/logo-institito-703x1024.png\" class=\"attachment-large size-large\" alt=\"\" decoding=\"async\" loading=\"lazy\" srcset=\"https:\/\/institutoevangelicosantiago.com\/wp-content\/uploads\/2024\/09\/logo-institito-703x1024.png 703w, https:\/\/institutoevangelicosantiago.com\/wp-content\/uploads\/2024\/09\/logo-institito-206x300.png 206w, https:\/\/institutoevangelicosantiago.com\/wp-content\/uploads\/2024\/09\/logo-institito-768x1119.png 768w, https:\/\/institutoevangelicosantiago.com\/wp-content\/uploads\/2024\/09\/logo-institito-69x100.png 69w, https:\/\/institutoevangelicosantiago.com\/wp-content\/uploads\/2024\/09\/logo-institito-1054x1536.png 1054w, https:\/\/institutoevangelicosantiago.com\/wp-content\/uploads\/2024\/09\/logo-institito.png 1098w\" sizes=\"(max-width: 703px) 100vw, 703px\" \/>\t\t\t\t\t\t\t\t\t\t\t\t\t\t\t<\/div>\n\t\t\t\t<\/div>\n\t\t\t\t\t<\/div>\n\t\t<\/div>\n\t\t\t\t<div class=\"elementor-column elementor-col-50 elementor-inner-column elementor-element elementor-element-33b48f6\" data-id=\"33b48f6\" data-element_type=\"column\">\n\t\t\t<div class=\"elementor-widget-wrap elementor-element-populated\">\n\t\t\t\t\t\t\t\t<div class=\"elementor-element elementor-element-2dc484b animated-slow elementor-invisible elementor-widget elementor-widget-heading\" data-id=\"2dc484b\" data-element_type=\"widget\" data-settings=\"{&quot;_animation&quot;:&quot;fadeInDown&quot;}\" data-widget_type=\"heading.default\">\n\t\t\t\t<div class=\"elementor-widget-container\">\n\t\t\t<h1 class=\"elementor-heading-title elementor-size-default\">Instituci\u00f3n<\/h1>\t\t<\/div>\n\t\t\t\t<\/div>\n\t\t\t\t\t<\/div>\n\t\t<\/div>\n\t\t\t\t\t\t\t<\/div>\n\t\t<\/header>\n\t\t\t\t\t<\/div>\n\t\t<\/div>\n\t\t\t\t\t\t\t<\/div>\n\t\t<\/section>\n\t\t\t\t\t\t<\/div>\n\t\t\t\t\t<\/div>\n\t\t","protected":false},"excerpt":{"rendered":"<p>Ir al Aula X Acceder Login personalizado Iniciar sesi\u00f3n en Moodle Usuario: Contrase\u00f1a: Ingresar Facebook Twitter Youtube Instagram Instituci\u00f3n<\/p>\n","protected":false},"author":1,"featured_media":0,"parent":0,"menu_order":0,"comment_status":"closed","ping_status":"closed","template":"elementor_canvas","meta":[],"_links":{"self":[{"href":"https:\/\/institutoevangelicosantiago.com\/index.php?rest_route=\/wp\/v2\/pages\/1621"}],"collection":[{"href":"https:\/\/institutoevangelicosantiago.com\/index.php?rest_route=\/wp\/v2\/pages"}],"about":[{"href":"https:\/\/institutoevangelicosantiago.com\/index.php?rest_route=\/wp\/v2\/types\/page"}],"author":[{"embeddable":true,"href":"https:\/\/institutoevangelicosantiago.com\/index.php?rest_route=\/wp\/v2\/users\/1"}],"replies":[{"embeddable":true,"href":"https:\/\/institutoevangelicosantiago.com\/index.php?rest_route=%2Fwp%2Fv2%2Fcomments&post=1621"}],"version-history":[{"count":25,"href":"https:\/\/institutoevangelicosantiago.com\/index.php?rest_route=\/wp\/v2\/pages\/1621\/revisions"}],"predecessor-version":[{"id":3165,"href":"https:\/\/institutoevangelicosantiago.com\/index.php?rest_route=\/wp\/v2\/pages\/1621\/revisions\/3165"}],"wp:attachment":[{"href":"https:\/\/institutoevangelicosantiago.com\/index.php?rest_route=%2Fwp%2Fv2%2Fmedia&parent=1621"}],"curies":[{"name":"wp","href":"https:\/\/api.w.org\/{rel}","templated":true}]}}